{"id":56,"date":"2025-05-17T12:36:26","date_gmt":"2025-05-17T16:36:26","guid":{"rendered":"https:\/\/mike.brailer.info\/?page_id=56"},"modified":"2025-05-17T13:28:03","modified_gmt":"2025-05-17T17:28:03","slug":"translatepress-finaid-test","status":"publish","type":"page","link":"https:\/\/mike.brailer.info\/es\/","title":{"rendered":"Prueba de traducci\u00f3n"},"content":{"rendered":"<div style=\"margin-bottom:20px;\">\n<div class=\"trp_language_switcher_shortcode\">\n<div class=\"trp-language-switcher trp-language-switcher-container\" data-no-translation>\n    <div class=\"trp-ls-shortcode-current-language\">\n        <a href=\"#\" class=\"trp-ls-shortcode-disabled-language trp-ls-disabled-language\" title=\"Spanish\" onclick=\"event.preventDefault()\">\n\t\t\t<img loading=\"lazy\" decoding=\"async\" class=\"trp-flag-image\" src=\"https:\/\/mike.brailer.info\/wp-content\/plugins\/translatepress-multilingual\/assets\/images\/flags\/es_MX.png\" width=\"18\" height=\"12\" alt=\"es_MX\" title=\"Spanish\"> ES\t\t<\/a>\n    <\/div>\n    <div class=\"trp-ls-shortcode-language\">\n                <a href=\"#\" class=\"trp-ls-shortcode-disabled-language trp-ls-disabled-language\"  title=\"Spanish\" onclick=\"event.preventDefault()\">\n\t\t\t<img loading=\"lazy\" decoding=\"async\" class=\"trp-flag-image\" src=\"https:\/\/mike.brailer.info\/wp-content\/plugins\/translatepress-multilingual\/assets\/images\/flags\/es_MX.png\" width=\"18\" height=\"12\" alt=\"es_MX\" title=\"Spanish\"> ES\t\t<\/a>\n                    <a href=\"https:\/\/mike.brailer.info\/es\/wp-json\/wp\/v2\/pages\/56\" title=\"English\">\n            <img loading=\"lazy\" decoding=\"async\" class=\"trp-flag-image\" src=\"https:\/\/mike.brailer.info\/wp-content\/plugins\/translatepress-multilingual\/assets\/images\/flags\/en_US.png\" width=\"18\" height=\"12\" alt=\"en_US\" title=\"English\"> EN        <\/a>\n\n        <\/div>\n    <script type=\"application\/javascript\">\n        \/\/ need to have the same with set from JS on both divs. Otherwise it can push stuff around in HTML\n        var trp_ls_shortcodes = document.querySelectorAll('.trp_language_switcher_shortcode .trp-language-switcher');\n        if ( trp_ls_shortcodes.length > 0) {\n            \/\/ get the last language switcher added\n            var trp_el = trp_ls_shortcodes[trp_ls_shortcodes.length - 1];\n\n            var trp_shortcode_language_item = trp_el.querySelector( '.trp-ls-shortcode-language' )\n            \/\/ set width\n            var trp_ls_shortcode_width                                               = trp_shortcode_language_item.offsetWidth + 16;\n            trp_shortcode_language_item.style.width                                  = trp_ls_shortcode_width + 'px';\n            trp_el.querySelector( '.trp-ls-shortcode-current-language' ).style.width = trp_ls_shortcode_width + 'px';\n\n            \/\/ We're putting this on display: none after we have its width.\n            trp_shortcode_language_item.style.display = 'none';\n        }\n    <\/script>\n<\/div>\n<\/div>\n<\/div>\n\n\n\n<div class=\"wp-block-columns is-layout-flex wp-container-core-columns-is-layout-9d6595d7 wp-block-columns-is-layout-flex\">\n<div class=\"wp-block-column is-layout-flow wp-block-column-is-layout-flow\">\n<p>La Fundaci\u00f3n Bonnell (BF) entiende que no todos los costos del tratamiento de la fibrosis qu\u00edstica (FQ) est\u00e1n cubiertos por las compa\u00f1\u00edas de seguros. Entendemos las complicaciones de esta enfermedad y el implacable costo f\u00edsico y mental que tiene para todo el cuerpo (y para los cuidadores). Sabemos que los pacientes con fibrosis qu\u00edstica requieren muchos servicios m\u00e9dicos diversos para manejar estos desaf\u00edos. La Fundaci\u00f3n Bonnell quiere ayudar a cubrir algunos de estos costos para disminuir la carga financiera que afecta a las personas con FQ y a sus familias.<\/p>\n\n\n\n<p>Los art\u00edculos considerados para pago directo Y solo cuando sean necesarios para el cuidado y el tratamiento de la FQ incluyen:<\/p>\n\n\n\n<ul class=\"wp-block-list\">\n<li>Equipos m\u00e9dicos duraderos (DME)<\/li>\n\n\n\n<li>Servicios de asesoramiento<\/li>\n\n\n\n<li>Atenci\u00f3n m\u00e9dica (urgencias, urgencias\/visitas al m\u00e9dico)<\/li>\n\n\n\n<li>Servicios ambulatorios<\/li>\n\n\n\n<li>Medicamentos para la fibrosis qu\u00edstica<\/li>\n<\/ul>\n\n\n\n<p>*La Fundaci\u00f3n Bonnell no reembolsa directamente a una persona individual.<br>***BF puede considerar el pago de facturas que no est\u00e9n en la lista anterior despu\u00e9s de una revisi\u00f3n exhaustiva por parte de la Junta de BF.<\/p>\n<\/div>\n\n\n\n<div class=\"wp-block-column is-layout-flow wp-block-column-is-layout-flow\">\n<div class=\"wp-block-contact-form-7-contact-form-selector\">\n<div class=\"wpcf7 no-js\" id=\"wpcf7-f55-o1\" lang=\"en-US\" dir=\"ltr\" data-wpcf7-id=\"55\">\n<div class=\"screen-reader-response\"><p role=\"status\" aria-live=\"polite\" aria-atomic=\"true\"><\/p> <ul><\/ul><\/div>\n<form action=\"\/es\/wp-json\/wp\/v2\/pages\/56#wpcf7-f55-o1\" method=\"post\" class=\"wpcf7-form init\" aria-label=\"Contact form\" enctype=\"multipart\/form-data\" novalidate=\"novalidate\" data-status=\"init\" data-trp-original-action=\"\/es\/wp-json\/wp\/v2\/pages\/56#wpcf7-f55-o1\">\n<div style=\"display: none;\">\n<input type=\"hidden\" name=\"_wpcf7\" value=\"55\" \/>\n<input type=\"hidden\" name=\"_wpcf7_version\" value=\"6.0.6\" \/>\n<input type=\"hidden\" name=\"_wpcf7_locale\" value=\"en_US\" \/>\n<input type=\"hidden\" name=\"_wpcf7_unit_tag\" value=\"wpcf7-f55-o1\" \/>\n<input type=\"hidden\" name=\"_wpcf7_container_post\" value=\"0\" \/>\n<input type=\"hidden\" name=\"_wpcf7_posted_data_hash\" value=\"\" \/>\n<\/div>\n<div style=\"margin-top:-16px\">\n\t<p><b>Asistencia M\u00e9dica<\/b>\n\t<\/p>\n\t<p>DEBIDO A LAS REGULACIONES DE HIPAA, DEBE AUTORIZAR AL TRABAJADOR SOCIAL A CONFIRMAR EL DIAGN\u00d3STICO DE FIBROSIS QU\u00cdSTICA CUANDO LA FUNDACI\u00d3N BONNELL SE COMUNIQUE CON \u00c9L.\n\t<\/p><!-- <a href=\"\/wp-content\/uploads\/2018\/07\/BF_LungTransplantAssistanceReq_rev.pdf\"><i class=\"fas fa-file-pdf\"><\/i> Printable version of this form (PDF)<\/a>.-->\n\t<div class=\"form-segment\">\n\t\t<h5>Informaci\u00f3n del solicitante <span style=\"font-size:70%;color:#666;\">(* = campo obligatorio)<\/span>\n\t\t<\/h5>\n\t\t<p><span class=\"wpcf7-form-control-wrap\" data-name=\"applicant-name\"><input size=\"40\" maxlength=\"400\" class=\"wpcf7-form-control wpcf7-text wpcf7-validates-as-required\" aria-required=\"true\" aria-invalid=\"false\" placeholder=\"Nombre de la persona que llena la solicitud*\" value=\"\" type=\"text\" name=\"applicant-name\" \/><\/span><br \/>\n<span class=\"wpcf7-form-control-wrap\" data-name=\"applicant-relationship\"><input size=\"40\" maxlength=\"400\" class=\"wpcf7-form-control wpcf7-text wpcf7-validates-as-required\" aria-required=\"true\" aria-invalid=\"false\" placeholder=\"Relaci\u00f3n con el paciente*\" value=\"\" type=\"text\" name=\"applicant-relationship\" \/><\/span><br \/>\n<span class=\"wpcf7-form-control-wrap\" data-name=\"applicant-email\"><input size=\"40\" maxlength=\"400\" class=\"wpcf7-form-control wpcf7-email wpcf7-validates-as-required wpcf7-text wpcf7-validates-as-email\" aria-required=\"true\" aria-invalid=\"false\" placeholder=\"Direcci\u00f3n de correo electr\u00f3nico*\" value=\"\" type=\"email\" name=\"applicant-email\" \/><\/span><br \/>\n<span class=\"wpcf7-form-control-wrap\" data-name=\"applicant-phone\"><input size=\"40\" maxlength=\"400\" class=\"wpcf7-form-control wpcf7-text wpcf7-validates-as-required\" aria-required=\"true\" aria-invalid=\"false\" placeholder=\"Tel\u00e9fono*\" value=\"\" type=\"text\" name=\"applicant-phone\" \/><\/span><br \/>\n<span class=\"wpcf7-form-control-wrap\" data-name=\"applicant-goals\"><textarea cols=\"40\" rows=\"10\" maxlength=\"2000\" class=\"wpcf7-form-control wpcf7-textarea wpcf7-validates-as-required\" aria-required=\"true\" aria-invalid=\"false\" placeholder=\"Describa la ayuda que est\u00e1 buscando*\" name=\"applicant-goals\"><\/textarea><\/span><br \/>\n<span class=\"wpcf7-form-control-wrap\" data-name=\"applicant-howheard\"><input size=\"40\" maxlength=\"400\" class=\"wpcf7-form-control wpcf7-text\" aria-invalid=\"false\" placeholder=\"\u00bfC\u00f3mo te enteraste de nosotros?\" value=\"\" type=\"text\" name=\"applicant-howheard\" \/><\/span>\n\t\t<\/p>\n\t\t<p>El solicitante debe adjuntar una carta de prueba de diagn\u00f3stico de FQ en papel membretado de la cl\u00ednica de FQ. Esta carta debe incluir un correo electr\u00f3nico directo, n\u00famero de tel\u00e9fono y el nombre del trabajador social.<br \/>\n(Formatos: PDF, DOC, DOCX, JPG, PNG. Limite: 4MB)\n\t\t<\/p>\n\t\t<p><span class=\"wpcf7-form-control-wrap\" data-name=\"diagnosis-attachment\"><input size=\"40\" class=\"wpcf7-form-control wpcf7-file wpcf7-validates-as-required\" accept=\".pdf,.doc,.docx,.jpg,.png\" aria-required=\"true\" aria-invalid=\"false\" type=\"file\" name=\"diagnosis-attachment\" \/><\/span>\n\t\t<\/p>\n\t<\/div><!-- form-segment -->\n\t<div>\n\t\t<p><input class=\"wpcf7-form-control wpcf7-submit has-spinner\" type=\"submit\" value=\"Enviar\" \/>\n\t\t<\/p>\n\t<\/div>\n<\/div><div class=\"wpcf7-response-output\" aria-hidden=\"true\"><\/div>\n<input type=\"hidden\" name=\"trp-form-language\" value=\"es\"\/><\/form>\n<\/div>\n<\/div>\n<\/div>\n<\/div>","protected":false},"excerpt":{"rendered":"<p>The Bonnell Foundation (BF) understands that not all costs to manage cystic fibrosis (CF) are covered by insurance companies. We understand the complications of this disease and the relentless physical and mental toll it takes on the whole body (and care givers). We know that CF patients require many diverse medical services to manage these&#8230;<\/p>","protected":false},"author":1,"featured_media":0,"parent":0,"menu_order":0,"comment_status":"closed","ping_status":"closed","template":"","meta":{"_kad_post_transparent":"","_kad_post_title":"","_kad_post_layout":"","_kad_post_sidebar_id":"","_kad_post_content_style":"","_kad_post_vertical_padding":"","_kad_post_feature":"","_kad_post_feature_position":"","_kad_post_header":false,"_kad_post_footer":false,"footnotes":""},"class_list":["post-56","page","type-page","status-publish","hentry"],"_links":{"self":[{"href":"https:\/\/mike.brailer.info\/es\/wp-json\/wp\/v2\/pages\/56","targetHints":{"allow":["GET"]}}],"collection":[{"href":"https:\/\/mike.brailer.info\/es\/wp-json\/wp\/v2\/pages"}],"about":[{"href":"https:\/\/mike.brailer.info\/es\/wp-json\/wp\/v2\/types\/page"}],"author":[{"embeddable":true,"href":"https:\/\/mike.brailer.info\/es\/wp-json\/wp\/v2\/users\/1"}],"replies":[{"embeddable":true,"href":"https:\/\/mike.brailer.info\/es\/wp-json\/wp\/v2\/comments?post=56"}],"version-history":[{"count":10,"href":"https:\/\/mike.brailer.info\/es\/wp-json\/wp\/v2\/pages\/56\/revisions"}],"predecessor-version":[{"id":84,"href":"https:\/\/mike.brailer.info\/es\/wp-json\/wp\/v2\/pages\/56\/revisions\/84"}],"wp:attachment":[{"href":"https:\/\/mike.brailer.info\/es\/wp-json\/wp\/v2\/media?parent=56"}],"curies":[{"name":"wp","href":"https:\/\/api.w.org\/{rel}","templated":true}]}}